{"id":19722,"date":"2024-01-15T10:56:09","date_gmt":"2024-01-15T10:56:09","guid":{"rendered":"https:\/\/coralestates.es\/about-us\/"},"modified":"2025-02-14T13:57:33","modified_gmt":"2025-02-14T13:57:33","slug":"sobre-nosotros","status":"publish","type":"page","link":"https:\/\/coralestates.es\/es\/sobre-nosotros\/","title":{"rendered":"Sobre Nosotros"},"content":{"rendered":"\n<section   >\n            <div class=\"container-fluid px-0 bg-white card-items-black\">\n            \n\n<div class=\"row gx-lg-30 mx-0\" >\n    \n\n<div class='col-lg-6 px-0' >\n    \n\n                <img decoding=\"async\" \n            class='w-100 h-100 object-fit-cover'                                    src=\"https:\/\/coralestates.es\/wp-content\/uploads\/2025\/01\/293eec061da7170b6ca57466205c30b8.jpg\"\n            width=\"2048\"\n            height=\"1365\"\n        \/>\n    \n\n<\/div>\n\n\n<div class='col-lg-6 py-100 ps-30 text-black' >\n    \n\n\n    \n    \n        <h1            class='font-size-30 mb-30'                    >\n            <span>Sobre<\/span> Nosotros        <\/h1>\n        \n    \n\n\n\n\n<div class='max-width-700 font-size-16' >\n    \n\n<p>Con ra\u00edces firmemente plantadas en Marbella desde 1986, Coral Estates aporta d\u00e9cadas de experiencia inigualable en el mercado inmobiliario.<\/p>\n\n\n\n<p>Nuestra trayectoria comenz\u00f3 como promotores, evolucion\u00f3 a trav\u00e9s de la gesti\u00f3n de propiedades, la hosteler\u00eda y la restauraci\u00f3n, pero nuestra verdadera pasi\u00f3n siempre ha sido el sector inmobiliario.<\/p>\n\n\n\n<p>Esta experiencia diversa nos da una perspectiva \u00fanica y hol\u00edstica que nos diferencia de otras agencias.<\/p>\n\n\n\n<p>Nuestra profunda experiencia, que abarca m\u00e1s de tres d\u00e9cadas, nos da una comprensi\u00f3n global del mercado que pocos pueden igualar.<\/p>\n\n\n\n<p>Hemos sido testigos de la transformaci\u00f3n de Marbella, navegando por los cambios del mercado y las tendencias emergentes mientras refinamos continuamente nuestros servicios para satisfacer las necesidades de nuestros clientes.<\/p>\n\n\n\n<p>A diferencia de muchos que han ido y venido, nos hemos mantenido una presencia firme, la construcci\u00f3n de confianza y relaciones duraderas con los que servimos.<\/p>\n\n\n\n<p>En Coral Estates, creemos en ofrecer una experiencia verdaderamente personalizada. Si usted est\u00e1 comprando, vendiendo, o explorando cualquier oportunidad de bienes ra\u00edces, nuestro equipo dedicado est\u00e1 aqu\u00ed para guiarle en cada paso del camino.<\/p>\n\n\n\n<p>Nos tomamos el tiempo necesario para comprender sus necesidades y aspiraciones \u00fanicas, asegur\u00e1ndonos de que su viaje con nosotros no s\u00f3lo sea exitoso, sino tambi\u00e9n agradable y libre de estr\u00e9s.<br>Perm\u00edtanos darle la bienvenida a Marbella y a una experiencia inmobiliaria hecha a su medida.<\/p>\n\n\n<\/div>\n\n<\/div>\n\n<\/div>\n\n            <\/div>\n    <\/section>\n\n\n<section  class=\"py-110 bg-light\" >\n            <div class=\"container-wide \">\n            \n\n<div class=\"row justify-content-center\" >\n    \n\n<div class='text-center' >\n    \n\n\n    \n    \n        <h2            class='font-size-30 mb-60'                    >\n            <span>Nuestro<\/span> Equipo        <\/h2>\n        \n    \n\n\n\n<\/div>\n\n<div class=\"team row row-cols-lg-4 row-cols-2 gx-lg-100\">\n    \n        <div class=\"team__member col mb-lg-80\">\n\n                                            <img decoding=\"async\" src=\"https:\/\/coralestates.es\/wp-content\/uploads\/2025\/01\/sortcode-03-500x500-1.jpg\" alt=\"John Doe\" class=\"team__member-photo w-100 mb-20 d-block object-fit-cover aspect-ratio-8\">\n            \n            <p class=\"team__member-name font-size-20 text-center mb-0\">\n                John Doe            <\/p>\n\n            <div class=\"team__member-role font-size-14 text-uppercase text-center\">\n                Director            <\/div>\n\n                            <div class=\"team__member-languages d-flex justify-content-center gap-10 mt-30\">\n                                            <img decoding=\"async\" width=\"24\" height=\"24\" src=\"\/wp-content\/uploads\/2025\/01\/united-kingdom.png\" title=\"english\" alt=\"Language\" class=\"team__member-language-icon d-block\">\n                                            <img decoding=\"async\" width=\"24\" height=\"24\" src=\"\/wp-content\/uploads\/2025\/01\/spain.png\" title=\"spanish\" alt=\"Language\" class=\"team__member-language-icon d-block\">\n                                            <img decoding=\"async\" width=\"24\" height=\"24\" src=\"\/wp-content\/uploads\/2025\/01\/sweden.png\" title=\"swedish\" alt=\"Language\" class=\"team__member-language-icon d-block\">\n                                            <img decoding=\"async\" width=\"24\" height=\"24\" src=\"\/wp-content\/uploads\/2025\/01\/finland.png\" title=\"finnish\" alt=\"Language\" class=\"team__member-language-icon d-block\">\n                                    <\/div>\n            \n        <\/div>\n\n    \n        <div class=\"team__member col mb-lg-80\">\n\n                                            <img decoding=\"async\" src=\"https:\/\/coralestates.es\/wp-content\/uploads\/2025\/01\/sortcode-04-500x500-1.jpg\" alt=\"Mariah Smith\" class=\"team__member-photo w-100 mb-20 d-block object-fit-cover aspect-ratio-8\">\n            \n            <p class=\"team__member-name font-size-20 text-center mb-0\">\n                Mariah Smith            <\/p>\n\n            <div class=\"team__member-role font-size-14 text-uppercase text-center\">\n                Sales Manager            <\/div>\n\n                            <div class=\"team__member-languages d-flex justify-content-center gap-10 mt-30\">\n                                            <img decoding=\"async\" width=\"24\" height=\"24\" src=\"\/wp-content\/uploads\/2025\/01\/united-kingdom.png\" title=\"english\" alt=\"Language\" class=\"team__member-language-icon d-block\">\n                                            <img decoding=\"async\" width=\"24\" height=\"24\" src=\"\/wp-content\/uploads\/2025\/01\/spain.png\" title=\"spanish\" alt=\"Language\" class=\"team__member-language-icon d-block\">\n                                            <img decoding=\"async\" width=\"24\" height=\"24\" src=\"\/wp-content\/uploads\/2025\/01\/sweden.png\" title=\"swedish\" alt=\"Language\" class=\"team__member-language-icon d-block\">\n                                    <\/div>\n            \n        <\/div>\n\n    \n        <div class=\"team__member col mb-lg-80\">\n\n                                            <img decoding=\"async\" src=\"https:\/\/coralestates.es\/wp-content\/uploads\/2025\/01\/sortcode-06-500x500-1.jpg\" alt=\"Mark Johnson\" class=\"team__member-photo w-100 mb-20 d-block object-fit-cover aspect-ratio-8\">\n            \n            <p class=\"team__member-name font-size-20 text-center mb-0\">\n                Mark Johnson            <\/p>\n\n            <div class=\"team__member-role font-size-14 text-uppercase text-center\">\n                Property Consultant            <\/div>\n\n                            <div class=\"team__member-languages d-flex justify-content-center gap-10 mt-30\">\n                                            <img decoding=\"async\" width=\"24\" height=\"24\" src=\"\/wp-content\/uploads\/2025\/01\/united-kingdom.png\" title=\"english\" alt=\"Language\" class=\"team__member-language-icon d-block\">\n                                            <img decoding=\"async\" width=\"24\" height=\"24\" src=\"\/wp-content\/uploads\/2025\/01\/spain.png\" title=\"spanish\" alt=\"Language\" class=\"team__member-language-icon d-block\">\n                                            <img decoding=\"async\" width=\"24\" height=\"24\" src=\"\/wp-content\/uploads\/2025\/01\/finland.png\" title=\"finnish\" alt=\"Language\" class=\"team__member-language-icon d-block\">\n                                    <\/div>\n            \n        <\/div>\n\n    \n        <div class=\"team__member col mb-lg-80\">\n\n                                            <img decoding=\"async\" src=\"https:\/\/coralestates.es\/wp-content\/uploads\/2025\/01\/sortcode-05-500x500-1.jpg\" alt=\"Rachel Bright\" class=\"team__member-photo w-100 mb-20 d-block object-fit-cover aspect-ratio-8\">\n            \n            <p class=\"team__member-name font-size-20 text-center mb-0\">\n                Rachel Bright            <\/p>\n\n            <div class=\"team__member-role font-size-14 text-uppercase text-center\">\n                Property Consultant            <\/div>\n\n                            <div class=\"team__member-languages d-flex justify-content-center gap-10 mt-30\">\n                                            <img decoding=\"async\" width=\"24\" height=\"24\" src=\"\/wp-content\/uploads\/2025\/01\/united-kingdom.png\" title=\"english\" alt=\"Language\" class=\"team__member-language-icon d-block\">\n                                            <img decoding=\"async\" width=\"24\" height=\"24\" src=\"\/wp-content\/uploads\/2025\/01\/spain.png\" title=\"spanish\" alt=\"Language\" class=\"team__member-language-icon d-block\">\n                                            <img decoding=\"async\" width=\"24\" height=\"24\" src=\"\/wp-content\/uploads\/2025\/01\/sweden.png\" title=\"swedish\" alt=\"Language\" class=\"team__member-language-icon d-block\">\n                                    <\/div>\n            \n        <\/div>\n\n    \n        <div class=\"team__member col mb-lg-80\">\n\n                                            <img decoding=\"async\" src=\"https:\/\/coralestates.es\/wp-content\/uploads\/2025\/01\/sortcode-02-500x500-1.jpg\" alt=\"John Doe\" class=\"team__member-photo w-100 mb-20 d-block object-fit-cover aspect-ratio-8\">\n            \n            <p class=\"team__member-name font-size-20 text-center mb-0\">\n                John Doe            <\/p>\n\n            <div class=\"team__member-role font-size-14 text-uppercase text-center\">\n                Other one            <\/div>\n\n                            <div class=\"team__member-languages d-flex justify-content-center gap-10 mt-30\">\n                                            <img decoding=\"async\" width=\"24\" height=\"24\" src=\"\/wp-content\/uploads\/2025\/01\/united-kingdom.png\" title=\"english\" alt=\"Language\" class=\"team__member-language-icon d-block\">\n                                            <img decoding=\"async\" width=\"24\" height=\"24\" src=\"\/wp-content\/uploads\/2025\/01\/spain.png\" title=\"spanish\" alt=\"Language\" class=\"team__member-language-icon d-block\">\n                                            <img decoding=\"async\" width=\"24\" height=\"24\" src=\"\/wp-content\/uploads\/2025\/01\/sweden.png\" title=\"swedish\" alt=\"Language\" class=\"team__member-language-icon d-block\">\n                                            <img decoding=\"async\" width=\"24\" height=\"24\" src=\"\/wp-content\/uploads\/2025\/01\/germany.png\" title=\"german\" alt=\"Language\" class=\"team__member-language-icon d-block\">\n                                    <\/div>\n            \n        <\/div>\n\n    <\/div>\n\n\n<\/div>\n\n            <\/div>\n    <\/section>\n\n\n<section  class=\"py-80 bg-white text-black card-items-black\" >\n            <div class=\"container-wide \">\n            \n\n<div class=\"row\" >\n    \n\n\n    \n    \n        <h2            class='mb-50 text-center font-size-32'                    >\n            Testimonios        <\/h2>\n        \n    \n\n\n\n\n    <h2>\n            <\/h2>\n\n\n<\/div>\n\n            <\/div>\n    <\/section>\n\n\n<section  class=\"bg-primary text-white darkmode\" >\n            <div class=\"container-fluid px-0\">\n            \n\n<div class=\"row gx-lg-0\" >\n    \n\n<div class='col-lg-8' >\n    \n\n<div \n    class=\"map map-foot\"\n\n    data-lat=\"36.4976537\"\n    data-lng=\"-4.9424327\"\n    data-zoom=\"14\"\n\n    data-gmlink='https:\/\/maps.app.goo.gl\/Ce74Z69gSiys3R1k7'        data-style='[\r\n    {\r\n        &quot;featureType&quot;: &quot;water&quot;,\r\n        &quot;elementType&quot;: &quot;geometry&quot;,\r\n        &quot;stylers&quot;: [\r\n            {\r\n                &quot;color&quot;: &quot;#e9e9e9&quot;\r\n            },\r\n            {\r\n                &quot;lightness&quot;: 17\r\n            }\r\n        ]\r\n    },\r\n    {\r\n        &quot;featureType&quot;: &quot;landscape&quot;,\r\n        &quot;elementType&quot;: &quot;geometry&quot;,\r\n        &quot;stylers&quot;: [\r\n            {\r\n                &quot;color&quot;: &quot;#f5f5f5&quot;\r\n            },\r\n            {\r\n                &quot;lightness&quot;: 20\r\n            }\r\n        ]\r\n    },\r\n    {\r\n        &quot;featureType&quot;: &quot;road.highway&quot;,\r\n        &quot;elementType&quot;: &quot;geometry.fill&quot;,\r\n        &quot;stylers&quot;: [\r\n            {\r\n                &quot;color&quot;: &quot;#ffffff&quot;\r\n            },\r\n            {\r\n                &quot;lightness&quot;: 17\r\n            }\r\n        ]\r\n    },\r\n    {\r\n        &quot;featureType&quot;: &quot;road.highway&quot;,\r\n        &quot;elementType&quot;: &quot;geometry.stroke&quot;,\r\n        &quot;stylers&quot;: [\r\n            {\r\n                &quot;color&quot;: &quot;#ffffff&quot;\r\n            },\r\n            {\r\n                &quot;lightness&quot;: 29\r\n            },\r\n            {\r\n                &quot;weight&quot;: 0.2\r\n            }\r\n        ]\r\n    },\r\n    {\r\n        &quot;featureType&quot;: &quot;road.arterial&quot;,\r\n        &quot;elementType&quot;: &quot;geometry&quot;,\r\n        &quot;stylers&quot;: [\r\n            {\r\n                &quot;color&quot;: &quot;#ffffff&quot;\r\n            },\r\n            {\r\n                &quot;lightness&quot;: 18\r\n            }\r\n        ]\r\n    },\r\n    {\r\n        &quot;featureType&quot;: &quot;road.local&quot;,\r\n        &quot;elementType&quot;: &quot;geometry&quot;,\r\n        &quot;stylers&quot;: [\r\n            {\r\n                &quot;color&quot;: &quot;#ffffff&quot;\r\n            },\r\n            {\r\n                &quot;lightness&quot;: 16\r\n            }\r\n        ]\r\n    },\r\n    {\r\n        &quot;featureType&quot;: &quot;poi&quot;,\r\n        &quot;elementType&quot;: &quot;geometry&quot;,\r\n        &quot;stylers&quot;: [\r\n            {\r\n                &quot;color&quot;: &quot;#f5f5f5&quot;\r\n            },\r\n            {\r\n                &quot;lightness&quot;: 21\r\n            }\r\n        ]\r\n    },\r\n    {\r\n        &quot;featureType&quot;: &quot;poi.park&quot;,\r\n        &quot;elementType&quot;: &quot;geometry&quot;,\r\n        &quot;stylers&quot;: [\r\n            {\r\n                &quot;color&quot;: &quot;#dedede&quot;\r\n            },\r\n            {\r\n                &quot;lightness&quot;: 21\r\n            }\r\n        ]\r\n    },\r\n    {\r\n        &quot;elementType&quot;: &quot;labels.text.stroke&quot;,\r\n        &quot;stylers&quot;: [\r\n            {\r\n                &quot;visibility&quot;: &quot;on&quot;\r\n            },\r\n            {\r\n                &quot;color&quot;: &quot;#ffffff&quot;\r\n            },\r\n            {\r\n                &quot;lightness&quot;: 16\r\n            }\r\n        ]\r\n    },\r\n    {\r\n        &quot;elementType&quot;: &quot;labels.text.fill&quot;,\r\n        &quot;stylers&quot;: [\r\n            {\r\n                &quot;saturation&quot;: 36\r\n            },\r\n            {\r\n                &quot;color&quot;: &quot;#333333&quot;\r\n            },\r\n            {\r\n                &quot;lightness&quot;: 40\r\n            }\r\n        ]\r\n    },\r\n    {\r\n        &quot;elementType&quot;: &quot;labels.icon&quot;,\r\n        &quot;stylers&quot;: [\r\n            {\r\n                &quot;visibility&quot;: &quot;off&quot;\r\n            }\r\n        ]\r\n    },\r\n    {\r\n        &quot;featureType&quot;: &quot;transit&quot;,\r\n        &quot;elementType&quot;: &quot;geometry&quot;,\r\n        &quot;stylers&quot;: [\r\n            {\r\n                &quot;color&quot;: &quot;#f2f2f2&quot;\r\n            },\r\n            {\r\n                &quot;lightness&quot;: 19\r\n            }\r\n        ]\r\n    },\r\n    {\r\n        &quot;featureType&quot;: &quot;administrative&quot;,\r\n        &quot;elementType&quot;: &quot;geometry.fill&quot;,\r\n        &quot;stylers&quot;: [\r\n            {\r\n                &quot;color&quot;: &quot;#fefefe&quot;\r\n            },\r\n            {\r\n                &quot;lightness&quot;: 20\r\n            }\r\n        ]\r\n    },\r\n    {\r\n        &quot;featureType&quot;: &quot;administrative&quot;,\r\n        &quot;elementType&quot;: &quot;geometry.stroke&quot;,\r\n        &quot;stylers&quot;: [\r\n            {\r\n                &quot;color&quot;: &quot;#fefefe&quot;\r\n            },\r\n            {\r\n                &quot;lightness&quot;: 17\r\n            },\r\n            {\r\n                &quot;weight&quot;: 1.2\r\n            }\r\n        ]\r\n    }\r\n]'>\n<\/div>\n\n<\/div>\n\n\n<div class='col-lg-4 p-50 h-100 py-60' >\n    \n\n\n    \n    \n        <h2            class='text-white'                    >\n            Cont\u00e1ctanos        <\/h2>\n        \n    \n\n\n\n\n<p>Cu\u00e9ntanos qu\u00e9 buscas (o qu\u00e9 quieres vender). Respondemos r\u00e1pido con los siguientes pasos.<\/p>\n\n\n\n    <div class=\"d-flex\r\ngap-10\r\nfont-size-18\r\nmb-30\">\n\n\n    \n    \n        <a  \n            href='tel:+34952775000'            target=\"_blank\"            class='text-white\r\nfw-bold'                    >\n            Tel. +34 952 77 50 00        <\/a>\n\n    \n    \n    \n        <a  \n                                                        >\n            &#8211;        <\/a>\n\n    \n    \n    \n        <a  \n            href='mailto:info@coralestates.com'            target=\"_blank\"            class='text-white'                    >\n            info@coralestates.com        <\/a>\n\n    \n    <\/div>\n\n\n<form action=\"https:\/\/coralestates.es\/es\/wp-json\/ws-form\/v1\/submit\" class=\"wsf-form wsf-form-canvas ws-form-vertical\" id=\"ws-form-1\" data-id=\"2\"  data-instance-id=\"1\"  method=\"POST\" data-wsf-style-id=\"1\"><\/form>\n\n<\/div>\n\n<\/div>\n\n            <\/div>\n    <\/section>","protected":false},"excerpt":{"rendered":"","protected":false},"author":1,"featured_media":0,"parent":0,"menu_order":0,"comment_status":"closed","ping_status":"closed","template":"","meta":{"footnotes":""},"class_list":["post-19722","page","type-page","status-publish","hentry"],"_links":{"self":[{"href":"https:\/\/coralestates.es\/es\/wp-json\/wp\/v2\/pages\/19722","targetHints":{"allow":["GET"]}}],"collection":[{"href":"https:\/\/coralestates.es\/es\/wp-json\/wp\/v2\/pages"}],"about":[{"href":"https:\/\/coralestates.es\/es\/wp-json\/wp\/v2\/types\/page"}],"author":[{"embeddable":true,"href":"https:\/\/coralestates.es\/es\/wp-json\/wp\/v2\/users\/1"}],"replies":[{"embeddable":true,"href":"https:\/\/coralestates.es\/es\/wp-json\/wp\/v2\/comments?post=19722"}],"version-history":[{"count":3,"href":"https:\/\/coralestates.es\/es\/wp-json\/wp\/v2\/pages\/19722\/revisions"}],"predecessor-version":[{"id":19778,"href":"https:\/\/coralestates.es\/es\/wp-json\/wp\/v2\/pages\/19722\/revisions\/19778"}],"wp:attachment":[{"href":"https:\/\/coralestates.es\/es\/wp-json\/wp\/v2\/media?parent=19722"}],"curies":[{"name":"wp","href":"https:\/\/api.w.org\/{rel}","templated":true}]}}